{"id":3598,"date":"2018-06-22T11:06:13","date_gmt":"2018-06-22T11:06:13","guid":{"rendered":"http:\/\/worldpack.es\/politica-de-cookies\/"},"modified":"2024-07-23T16:00:26","modified_gmt":"2024-07-23T16:00:26","slug":"cookie-policy","status":"publish","type":"page","link":"https:\/\/worldpack.es\/en\/cookie-policy\/","title":{"rendered":"Cookie Policy"},"content":{"rendered":"<div class=\"wpb-content-wrapper\"><p>[vc_row bg_parallax=&#8221;on&#8221; css=&#8221;.vc_custom_1721750424204{margin-top: 0px !important;margin-bottom: 0px !important;padding-top: 250px !important;padding-bottom: 250px !important;background-image: url(https:\/\/worldpack.es\/app\/uploads\/2024\/07\/world-cargo-express-bg.jpg?id=5218) !important;}&#8221; video_overlay_color=&#8221;rgba(12,12,12,0.4)&#8221;][vc_column][\/vc_column][\/vc_row][vc_section css=&#8221;.vc_custom_1528917523435{padding-top: 100px !important;padding-bottom: 100px !important;}&#8221;][vc_row][vc_column width=&#8221;1\/6&#8243;][\/vc_column][vc_column width=&#8221;2\/3&#8243;][vc_column_text]<\/p>\n<h1>Pol\u00edtica de cookies<\/h1>\n<h3 class=\"legal-subtitle\">\u00bfQu\u00e9 son las cookies y para qu\u00e9 sirven?<\/h3>\n<p class=\"legal-p\">Las cookies son peque\u00f1os archivos que se descargan en su ordenador cuando accede a determinadas p\u00e1ginas web. Sirven, entre otras cosas, para almacenar y recuperar informaci\u00f3n sobre los h\u00e1bitos de navegaci\u00f3n de un usuario o de su equipo y, dependiendo de la informaci\u00f3n que contengan y de la forma en que utilice su equipo, pueden utilizarse para reconocer al usuario.<\/p>\n<h3 class=\"legal-subtitle\">\u00bfQu\u00e9 tipos de cookies utiliza worldpack.es?<\/h3>\n<h3 class=\"legal-subtitle\">Cookies propias<\/h3>\n<ul class=\"legal-ul\">\n<li>Cookies de sesi\u00f3n: Son un tipo de cookies dise\u00f1adas para recabar y almacenar datos mientras el usuario accede a una p\u00e1gina web, que desaparecen una vez el usuario abandona el sitio web.<\/li>\n<li>Cookies persistentes: Son un tipo de cookies en el que los datos siguen almacenados en el terminal y pueden ser accedidos y tratados durante un periodo determinado. Se utilizan por ejemplo en el proceso de compra o registro para evitar tener que introducir nuestros datos constantemente.<\/li>\n<\/ul>\n<h3 class=\"legal-subtitle\">Cookies de terceros<\/h3>\n<p class=\"legal-p\">Son aquellas que se env\u00edan al equipo terminal del usuario desde un equipo o dominio que no es gestionado por LA EMPRESA sino por otra entidad que trata los datos obtenidos trav\u00e9s de las cookies.<\/p>\n<h3 class=\"legal-subtitle\">Cookies anal\u00edticas<\/h3>\n<p class=\"legal-p\">Cada vez que un Usuario visita un Servicio, una herramienta de un proveedor externo (Google Analytics) genera una cookie anal\u00edtica en el ordenador del Usuario, que recaba datos an\u00f3nimos de navegaci\u00f3n y nos permite cuantificar el n\u00famero de usuarios. As\u00ed, podemos realizar la medici\u00f3n y an\u00e1lisis estad\u00edstico del uso que hacen los usuarios del servicio ofertado, para mejorar nuestra oferta de productos o servicios.<\/p>\n<h3 class=\"legal-subtitle\">Cookies de Youtube<\/h3>\n<p class=\"legal-p\">Algunas de nuestras p\u00e1ginas contienen videos incrustados de YouTube.<br \/>\n<a href=\"https:\/\/policies.google.com\/technologies\/cookies?hl=es\">Ver pol\u00edtica de cookies de YouTube.<\/a><\/p>\n<h3 class=\"legal-subtitle\">\u00bfC\u00f3mo se pueden deshabilitar las Cookies?<\/h3>\n<p class=\"legal-p\">Normalmente es posible dejar de aceptar las Cookies del navegador, o dejar de aceptar las Cookies de un Servicio en particular. Todos los navegadores modernos permiten cambiar la configuraci\u00f3n de Cookies. Estos ajustes normalmente se encuentran en las &#8220;opciones&#8221; o &#8220;Preferencias&#8221; del men\u00fa de su navegador. Asimismo, puede configurar su navegador o su gestor de correo electr\u00f3nico, as\u00ed como instalar complementos gratuitos para evitar que se descarguen los Web Bugs al abrir un email. Siga las siguientes instrucciones seg\u00fan su navegador de internet para cambiar las preferencias relativas a las cookies:<\/p>\n<h3 class=\"legal-subtitle\">Internet Explorer<\/h3>\n<ul class=\"legal-ul\">\n<li>Herramientas Opciones de Internet Privacidad Configuraci\u00f3n.<\/li>\n<li>Para m\u00e1s informaci\u00f3n, puede consultar el soporte de Microsoft o la Ayuda del navegador.<\/li>\n<\/ul>\n<h3 class=\"legal-subtitle\">Firefox<\/h3>\n<ul class=\"legal-ul\">\n<li>Herramientas Opciones Privacidad Historial Configuraci\u00f3n Personalizada.<\/li>\n<li>Para m\u00e1s informaci\u00f3n, puede consultar el soporte de Mozilla o la Ayuda del navegador.<\/li>\n<\/ul>\n<h3 class=\"legal-subtitle\">Chrome<\/h3>\n<ul class=\"legal-ul\">\n<li>Chrome: Configuraci\u00f3n Mostrar opciones avanzadas Privacidad Configuraci\u00f3n de contenido.<\/li>\n<li>Para m\u00e1s informaci\u00f3n, puede consultar el soporte de Google o la Ayuda del navegador.<\/li>\n<\/ul>\n<h3 class=\"legal-subtitle\">Safari<\/h3>\n<ul class=\"legal-ul\">\n<li>Preferencias Seguridad.<\/li>\n<li>Para m\u00e1s informaci\u00f3n, puede consultar el soporte de Apple o la Ayuda del navegador.<\/li>\n<\/ul>\n<p>&nbsp;<\/p>\n<p class=\"legal-p\">LA EMPRESA puede modificar esta Pol\u00edtica de Cookies en funci\u00f3n de exigencias legislativas, reglamentarias, o con la finalidad de adaptar dicha pol\u00edtica a las instrucciones dictadas por la Agencia Espa\u00f1ola de Protecci\u00f3n de Datos. Por ello se aconseja a los Usuarios que visiten peri\u00f3dicamente esta p\u00e1gina para conocer los cambios sufridos en las mismas.<\/p>\n<p>[\/vc_column_text][\/vc_column][vc_column width=&#8221;1\/6&#8243;][\/vc_column][\/vc_row][\/vc_section]<\/p>\n<\/div>","protected":false},"excerpt":{"rendered":"<p>[vc_row bg_parallax=&#8221;on&#8221; css=&#8221;.vc_custom_1721750424204{margin-top: 0px !important;margin-bottom: 0px !important;padding-top: 250px !important;padding-bottom: 250px !important;background-image: url(https:\/\/worldpack.es\/app\/uploads\/2024\/07\/world-cargo-express-bg.jpg?id=5218) !important;}&#8221; video_overlay_color=&#8221;rgba(12,12,12,0.4)&#8221;][vc_column][\/vc_column][\/vc_row][vc_section css=&#8221;.vc_custom_1528917523435{padding-top: 100px !important;padding-bottom: 100px !important;}&#8221;][vc_row][vc_column width=&#8221;1\/6&#8243;][\/vc_column][vc_column width=&#8221;2\/3&#8243;][vc_column_text] Pol\u00edtica de cookies \u00bfQu\u00e9 son las cookies y para [&hellip;]<\/p>\n","protected":false},"author":6,"featured_media":0,"parent":0,"menu_order":0,"comment_status":"closed","ping_status":"closed","template":"","meta":{"footnotes":""},"class_list":["post-3598","page","type-page","status-publish","hentry"],"_links":{"self":[{"href":"https:\/\/worldpack.es\/en\/wp-json\/wp\/v2\/pages\/3598","targetHints":{"allow":["GET"]}}],"collection":[{"href":"https:\/\/worldpack.es\/en\/wp-json\/wp\/v2\/pages"}],"about":[{"href":"https:\/\/worldpack.es\/en\/wp-json\/wp\/v2\/types\/page"}],"author":[{"embeddable":true,"href":"https:\/\/worldpack.es\/en\/wp-json\/wp\/v2\/users\/6"}],"replies":[{"embeddable":true,"href":"https:\/\/worldpack.es\/en\/wp-json\/wp\/v2\/comments?post=3598"}],"version-history":[{"count":0,"href":"https:\/\/worldpack.es\/en\/wp-json\/wp\/v2\/pages\/3598\/revisions"}],"wp:attachment":[{"href":"https:\/\/worldpack.es\/en\/wp-json\/wp\/v2\/media?parent=3598"}],"curies":[{"name":"wp","href":"https:\/\/api.w.org\/{rel}","templated":true}]}}